{"id":12,"date":"2016-02-11T15:01:27","date_gmt":"2016-02-11T15:01:27","guid":{"rendered":"http:\/\/hans-meierhofer.ch\/?page_id=12"},"modified":"2016-03-16T18:20:59","modified_gmt":"2016-03-16T18:20:59","slug":"curriculum-vitae","status":"publish","type":"page","link":"https:\/\/hans-meierhofer.ch\/?page_id=12","title":{"rendered":"Curriculum"},"content":{"rendered":"<p><img data-recalc-dims=\"1\" loading=\"lazy\" decoding=\"async\" data-attachment-id=\"48\" data-permalink=\"https:\/\/hans-meierhofer.ch\/?attachment_id=48\" data-orig-file=\"https:\/\/i0.wp.com\/hans-meierhofer.ch\/wp-content\/uploads\/2016\/02\/portrait.jpg?fit=139%2C180&amp;ssl=1\" data-orig-size=\"139,180\" data-comments-opened=\"1\" data-image-meta=\"{&quot;aperture&quot;:&quot;0&quot;,&quot;credit&quot;:&quot;&quot;,&quot;camera&quot;:&quot;&quot;,&quot;caption&quot;:&quot;&quot;,&quot;created_timestamp&quot;:&quot;0&quot;,&quot;copyright&quot;:&quot;&quot;,&quot;focal_length&quot;:&quot;0&quot;,&quot;iso&quot;:&quot;0&quot;,&quot;shutter_speed&quot;:&quot;0&quot;,&quot;title&quot;:&quot;&quot;,&quot;orientation&quot;:&quot;0&quot;}\" data-image-title=\"portrait\" data-image-description=\"\" data-image-caption=\"\" data-medium-file=\"https:\/\/i0.wp.com\/hans-meierhofer.ch\/wp-content\/uploads\/2016\/02\/portrait.jpg?fit=139%2C180&amp;ssl=1\" data-large-file=\"https:\/\/i0.wp.com\/hans-meierhofer.ch\/wp-content\/uploads\/2016\/02\/portrait.jpg?fit=139%2C180&amp;ssl=1\" class=\"alignleft size-full wp-image-48\" src=\"https:\/\/i0.wp.com\/hans-meierhofer.ch\/wp-content\/uploads\/2016\/02\/portrait.jpg?resize=139%2C180\" alt=\"portrait\" width=\"139\" height=\"180\" \/>Geboren am 3. Juni 1943 in Basel. Erste Erfolge als Komponist und Dirigent am Gymnasium (Matur 1963 in Z\u00fcrich).<br \/>\n1969 Violindiplom SMPV. Auslandaufenthalt (1969). 1972 Diplom f\u00fcr Schulmusik. Seit 1972 Musiklehrer an der Kantonalen Maturit\u00e4tsschule f\u00fcr Erwachsene (bis 1979) und am Literargymnasium R\u00e4mib\u00fchl in Z\u00fcrich (Wahl zum Hauptlehrer 1976 bis 2008).<br \/>\nAb 1970 aktives Mitglied des von Paul Sacher geleiteten Collegium musicum Z\u00fcrich. Regelm\u00e4ssige Volkshochschul-Vorlesungen seit 1972; ab Winter 2000 Lehrbeauftragter an der Eidgen\u00f6ssischen Technischen Hochschule in Z\u00fcrich.<br \/>\n1983 Musikalische Ehrengabe der Stadt Z\u00fcrich.<br \/>\nMatura Typus A mit Hebr\u00e4isch. Spezialist f\u00fcr interdisziplin\u00e4re Querbez\u00fcge. Neben der Musik Besch\u00e4ftigung mit alten und orientalischen Sprachen, philosophischen und theologischen Themen, auf vielen Reisen auch bildnerisches Schaffen.<br \/>\nKlavier bei B\u00e9la Haich. &#8211; Violindiplom bei Brenton Langbein (weitere Studien bei Eric Gruenberg, London, und Abraham Comfort). &#8211; Studien in Sologesang bei Kurt Huber (Tenor).<br \/>\nMusikwissenschaft bei Kurt v. Fischer. Musiktheorie bei Ernst Hess (Winterthur). Kontrapunktstudien bei Paul M\u00fcller-Z\u00fcrch.<br \/>\nUmfangreiches kompositorisches Werk. Viele Bearbeitungen f\u00fcr p\u00e4dagogische Zwecke. Theoretische Schriften.<br \/>\nHauptlehrer f\u00fcr Musik am Literargymnasium R\u00e4mib\u00fchl, Z\u00fcrich (Nachfolger von Armin Schibler). 1973 &#8211; 1999 sowie 2002 &#8211; 2008 Leitung des traditionsreichen Schulorchesters. Regief\u00fchrung in Opernprojekten (2 Urauff\u00fchrungen) etc.<br \/>\nDozent an der Volkshochschule Z\u00fcrich sowie an der ETH : Musiktheoretische Kurse, musikgeschichtliche Themen, Operneinf\u00fchrungen etc.<\/p>\n<hr \/>\n<p><em>Hans Meierhofer is composer and an experienced music educator.<\/em><br \/>\n<em> High school: Literargymnasium R\u00e4mib\u00fchl.<br \/>\nUniversity Lectures at the ETH Z\u00fcrich (Dept. Geisteswissenschften).<br \/>\nVolkshochschule ZH<\/em><br \/>\n<em> For 35 years he has successfully conducted a school orchestra, sometimes with demanding works. Among his students some musicians became very successful.<\/em><\/p>\n","protected":false},"excerpt":{"rendered":"<p>Geboren am 3. Juni 1943 in Basel. Erste Erfolge als Komponist und Dirigent am Gymnasium (Matur 1963 in Z\u00fcrich). 1969 Violindiplom SMPV. Auslandaufenthalt (1969). 1972 Diplom f\u00fcr Schulmusik. Seit 1972 Musiklehrer an der Kantonalen Maturit\u00e4tsschule f\u00fcr Erwachsene (bis 1979) und&#8230; <a class=\"more-link\" href=\"https:\/\/hans-meierhofer.ch\/?page_id=12\">Weiterlesen &rarr;<\/a><\/p>\n","protected":false},"author":1,"featured_media":0,"parent":0,"menu_order":0,"comment_status":"closed","ping_status":"closed","template":"template-fullwidth.php","meta":{"jetpack_post_was_ever_published":false,"footnotes":""},"class_list":["post-12","page","type-page","status-publish","hentry"],"jetpack_sharing_enabled":true,"jetpack_shortlink":"https:\/\/wp.me\/P7enWR-c","jetpack-related-posts":[],"_links":{"self":[{"href":"https:\/\/hans-meierhofer.ch\/index.php?rest_route=\/wp\/v2\/pages\/12","targetHints":{"allow":["GET"]}}],"collection":[{"href":"https:\/\/hans-meierhofer.ch\/index.php?rest_route=\/wp\/v2\/pages"}],"about":[{"href":"https:\/\/hans-meierhofer.ch\/index.php?rest_route=\/wp\/v2\/types\/page"}],"author":[{"embeddable":true,"href":"https:\/\/hans-meierhofer.ch\/index.php?rest_route=\/wp\/v2\/users\/1"}],"replies":[{"embeddable":true,"href":"https:\/\/hans-meierhofer.ch\/index.php?rest_route=%2Fwp%2Fv2%2Fcomments&post=12"}],"version-history":[{"count":15,"href":"https:\/\/hans-meierhofer.ch\/index.php?rest_route=\/wp\/v2\/pages\/12\/revisions"}],"predecessor-version":[{"id":208,"href":"https:\/\/hans-meierhofer.ch\/index.php?rest_route=\/wp\/v2\/pages\/12\/revisions\/208"}],"wp:attachment":[{"href":"https:\/\/hans-meierhofer.ch\/index.php?rest_route=%2Fwp%2Fv2%2Fmedia&parent=12"}],"curies":[{"name":"wp","href":"https:\/\/api.w.org\/{rel}","templated":true}]}}