{"id":14,"date":"2016-02-11T15:03:06","date_gmt":"2016-02-11T15:03:06","guid":{"rendered":"http:\/\/hans-meierhofer.ch\/?page_id=14"},"modified":"2024-11-03T19:28:48","modified_gmt":"2024-11-03T19:28:48","slug":"kompositionen","status":"publish","type":"page","link":"https:\/\/hans-meierhofer.ch\/?page_id=14","title":{"rendered":"Kompositionen"},"content":{"rendered":"<p><img data-recalc-dims=\"1\" loading=\"lazy\" decoding=\"async\" data-attachment-id=\"153\" data-permalink=\"https:\/\/hans-meierhofer.ch\/?attachment_id=153\" data-orig-file=\"https:\/\/i0.wp.com\/hans-meierhofer.ch\/wp-content\/uploads\/2016\/02\/kompositionen-neu.jpg?fit=1419%2C350&amp;ssl=1\" data-orig-size=\"1419,350\" data-comments-opened=\"1\" data-image-meta=\"{&quot;aperture&quot;:&quot;0&quot;,&quot;credit&quot;:&quot;&quot;,&quot;camera&quot;:&quot;&quot;,&quot;caption&quot;:&quot;&quot;,&quot;created_timestamp&quot;:&quot;0&quot;,&quot;copyright&quot;:&quot;&quot;,&quot;focal_length&quot;:&quot;0&quot;,&quot;iso&quot;:&quot;0&quot;,&quot;shutter_speed&quot;:&quot;0&quot;,&quot;title&quot;:&quot;&quot;,&quot;orientation&quot;:&quot;0&quot;}\" data-image-title=\"kompositionen-neu\" data-image-description=\"\" data-image-caption=\"\" data-medium-file=\"https:\/\/i0.wp.com\/hans-meierhofer.ch\/wp-content\/uploads\/2016\/02\/kompositionen-neu.jpg?fit=640%2C158&amp;ssl=1\" data-large-file=\"https:\/\/i0.wp.com\/hans-meierhofer.ch\/wp-content\/uploads\/2016\/02\/kompositionen-neu.jpg?fit=676%2C167&amp;ssl=1\" class=\"wp-image-153 size-large alignnone\" src=\"https:\/\/i0.wp.com\/hans-meierhofer.ch\/wp-content\/uploads\/2016\/02\/kompositionen-neu.jpg?resize=676%2C167\" alt=\"kompositionen-neu\" width=\"676\" height=\"167\" srcset=\"https:\/\/i0.wp.com\/hans-meierhofer.ch\/wp-content\/uploads\/2016\/02\/kompositionen-neu.jpg?resize=1024%2C253&amp;ssl=1 1024w, https:\/\/i0.wp.com\/hans-meierhofer.ch\/wp-content\/uploads\/2016\/02\/kompositionen-neu.jpg?resize=640%2C158&amp;ssl=1 640w, https:\/\/i0.wp.com\/hans-meierhofer.ch\/wp-content\/uploads\/2016\/02\/kompositionen-neu.jpg?resize=768%2C189&amp;ssl=1 768w, https:\/\/i0.wp.com\/hans-meierhofer.ch\/wp-content\/uploads\/2016\/02\/kompositionen-neu.jpg?resize=945%2C233&amp;ssl=1 945w, https:\/\/i0.wp.com\/hans-meierhofer.ch\/wp-content\/uploads\/2016\/02\/kompositionen-neu.jpg?resize=600%2C148&amp;ssl=1 600w, https:\/\/i0.wp.com\/hans-meierhofer.ch\/wp-content\/uploads\/2016\/02\/kompositionen-neu.jpg?w=1419&amp;ssl=1 1419w, https:\/\/i0.wp.com\/hans-meierhofer.ch\/wp-content\/uploads\/2016\/02\/kompositionen-neu.jpg?w=1352 1352w\" sizes=\"auto, (max-width: 676px) 100vw, 676px\" \/><\/p>\n<p><strong>Hauptwerke \/ Main Compositions<\/strong><br \/>\nViolinkonzert &#8222;Das kleine Berg&#8220; (eine Hommage an das \u201egrosse\u201c Violinkonzert von Alban Berg)<br \/>\nCONCERTO KIWANIS f\u00fcr Klavier und Orchester<br \/>\n<strong> <a href=\"http:\/\/hans-meierhofer.ch\/monetstochter\/index.html\" target=\"_blank\" rel=\"noopener\">Unesco-Oper MONETS TOCHTER<\/a><\/strong><\/p>\n<p><strong> Weitere wichtige Werke \/ Other important works<\/strong><br \/>\nKlavierst\u00fccke<br \/>\nSuite f\u00fcr Streicher<br \/>\nSonate f\u00fcr Violine und Klavier<br \/>\nIN MEMORIAM (f\u00fcr Violine Solo)<br \/>\nCello-Oktett OKTAGON<br \/>\nAvantgardistisches Streichquartett TETRACTYS<br \/>\nJugendoper NADA<\/p>\n<p><strong>Bearbeitungen f\u00fcr Streichorchester \/ Adaptations for string orchestra<\/strong><br \/>\nB. Bartok: &#8222;Ungarische und slowakische Tanzlieder&#8220; f\u00fcr Streichorchester<br \/>\nA. Dvorak: Sonatine op.100 (als Streichersinfonie)<\/p>\n<p><strong>Bearbeitungen f\u00fcr Jugendchor \/ Various youth choral arrangements<\/strong><br \/>\n&#8222;Der Goldene Pfau&#8220; (jiddische Volkslieder)<br \/>\n&#8222;Histoire de No\u00ebl&#8220; (nach altfranz\u00f6sischen Weihnachtsliedern)<\/p>\n<p><strong>Stil-Kopien<\/strong><br \/>\n&#8222;Birthday-Variations&#8220; f\u00fcr Klavier und Fl\u00f6te (Violine)<br \/>\n&#8222;Kuckucksvariationen&#8220; im Stile Haydns f\u00fcr Klavier<br \/>\n&#8222;Negli anni molti&#8220;, Madrigal im Renaissancestil nach Michelangelo<br \/>\nStudie im romantischen Stil f\u00fcr Cello-Quartett<\/p>\n<hr \/>\n<p>Eine ausf\u00fchrliche Beschreibung aller Werke finden Sie <a href=\"https:\/\/hans-meierhofer.ch\/wp-content\/uploads\/2024\/08\/Alle_Kompositionen.pdf\" target=\"_blank\" rel=\"noopener\">hier.<\/a><br \/>\n(in <strong>TON\/FILM<\/strong> unter <strong>Varia<\/strong>).<\/p>\n<hr \/>\n<p><em>Das Notenmaterial kann beim Komponisten direkt bestellt werden &#8211; <a href=\"http:\/\/hans-meierhofer.ch\/?page_id=35\">zum Kontaktformular<\/a><br \/>\n<\/em><\/p>\n","protected":false},"excerpt":{"rendered":"<p>Hauptwerke \/ Main Compositions Violinkonzert &#8222;Das kleine Berg&#8220; (eine Hommage an das \u201egrosse\u201c Violinkonzert von Alban Berg) CONCERTO KIWANIS f\u00fcr Klavier und Orchester Unesco-Oper MONETS TOCHTER Weitere wichtige Werke \/ Other important works Klavierst\u00fccke Suite f\u00fcr Streicher Sonate f\u00fcr Violine&#8230; <a class=\"more-link\" href=\"https:\/\/hans-meierhofer.ch\/?page_id=14\">Weiterlesen &rarr;<\/a><\/p>\n","protected":false},"author":1,"featured_media":0,"parent":0,"menu_order":0,"comment_status":"closed","ping_status":"closed","template":"template-fullwidth.php","meta":{"jetpack_post_was_ever_published":false,"footnotes":""},"class_list":["post-14","page","type-page","status-publish","hentry"],"jetpack_sharing_enabled":true,"jetpack_shortlink":"https:\/\/wp.me\/P7enWR-e","jetpack-related-posts":[],"_links":{"self":[{"href":"https:\/\/hans-meierhofer.ch\/index.php?rest_route=\/wp\/v2\/pages\/14","targetHints":{"allow":["GET"]}}],"collection":[{"href":"https:\/\/hans-meierhofer.ch\/index.php?rest_route=\/wp\/v2\/pages"}],"about":[{"href":"https:\/\/hans-meierhofer.ch\/index.php?rest_route=\/wp\/v2\/types\/page"}],"author":[{"embeddable":true,"href":"https:\/\/hans-meierhofer.ch\/index.php?rest_route=\/wp\/v2\/users\/1"}],"replies":[{"embeddable":true,"href":"https:\/\/hans-meierhofer.ch\/index.php?rest_route=%2Fwp%2Fv2%2Fcomments&post=14"}],"version-history":[{"count":35,"href":"https:\/\/hans-meierhofer.ch\/index.php?rest_route=\/wp\/v2\/pages\/14\/revisions"}],"predecessor-version":[{"id":2667,"href":"https:\/\/hans-meierhofer.ch\/index.php?rest_route=\/wp\/v2\/pages\/14\/revisions\/2667"}],"wp:attachment":[{"href":"https:\/\/hans-meierhofer.ch\/index.php?rest_route=%2Fwp%2Fv2%2Fmedia&parent=14"}],"curies":[{"name":"wp","href":"https:\/\/api.w.org\/{rel}","templated":true}]}}