{"id":16,"date":"2016-02-11T15:03:43","date_gmt":"2016-02-11T15:03:43","guid":{"rendered":"http:\/\/hans-meierhofer.ch\/?page_id=16"},"modified":"2020-07-01T09:44:21","modified_gmt":"2020-07-01T09:44:21","slug":"vortraege","status":"publish","type":"page","link":"https:\/\/hans-meierhofer.ch\/?page_id=16","title":{"rendered":"Kurse"},"content":{"rendered":"<p><strong>Vortragsreihen der letzten Jahre (Auswahl)<\/strong><\/p>\n<ul>\n<li>Barockmusik &#8211; ein Stil und seine Folgen<\/li>\n<li>Musik der Klassik<\/li>\n<li>Romantik in der Musik<\/li>\n<li>Musikalische Meisterwerke des 20. Jahrhunderts<\/li>\n<li>B\u00e9la Bart\u00f3k h\u00f6rend entdecken<\/li>\n<li>Einfuhrung in die musikalische Formenlehre<\/li>\n<li>Grosse Sinfonien: Haydn bis Schostakowitsch<\/li>\n<li>Concerto: Eine Geschichte der Konzertgattung<\/li>\n<li>Liedanalyse: Musik und Sprache (Romantische Liedkunst)<\/li>\n<li>Variation in der Musik<\/li>\n<li>H\u00f6hepunkte der Kammermusik<\/li>\n<li>Sph\u00e4renharmonie &#8211; Musik des Himmels<\/li>\n<li>Diabolus in musica: Das B\u00f6se in der Musik<\/li>\n<li>\u00dcber das Sch\u00f6pferische in der Musik<\/li>\n<li>(Trug-)Schl\u00fcsse in der Musik<\/li>\n<li>&#8222;Ein Ton&#8220; (Formen der Einstimmigkeit)<\/li>\n<li>Wiederholung in der Musik<\/li>\n<li>Formen der Mehrstimmigkeit (mit Kontrapunkt-\u00dcbungen)<\/li>\n<li>Von Pythagoras zum erlebten Klang<\/li>\n<li>Vom Charakter der Tonarten<\/li>\n<li>Harmonielehre I und II (mit \u00dcbungen)<\/li>\n<li>Harmonische Analysen (Barock &#8211; Klassik &#8211; Romantik)<\/li>\n<li>&#8222;Im Anfang war der Rhythmus&#8220;: Grundlagen einer Rhythmuslehre<\/li>\n<li>Passagen &#8211; \u00dcberg\u00e4nge &#8211; Durchf\u00fchrungen<\/li>\n<li>Polarit\u00e4t: Kontrast als musikalisches Ausdrucksmittel<\/li>\n<li>Vom Reiz falscher Noten (Faszination der schr\u00e4gen T\u00f6ne)<\/li>\n<li>Wie entstehen Musikst\u00fccke? Ein Werkstattbericht<\/li>\n<\/ul>\n","protected":false},"excerpt":{"rendered":"<p>Vortragsreihen der letzten Jahre (Auswahl) Barockmusik &#8211; ein Stil und seine Folgen Musik der Klassik Romantik in der Musik Musikalische Meisterwerke des 20. Jahrhunderts B\u00e9la Bart\u00f3k h\u00f6rend entdecken Einfuhrung in die musikalische Formenlehre Grosse Sinfonien: Haydn bis Schostakowitsch Concerto: Eine&#8230; <a class=\"more-link\" href=\"https:\/\/hans-meierhofer.ch\/?page_id=16\">Weiterlesen &rarr;<\/a><\/p>\n","protected":false},"author":1,"featured_media":0,"parent":0,"menu_order":0,"comment_status":"closed","ping_status":"closed","template":"template-fullwidth.php","meta":{"jetpack_post_was_ever_published":false,"footnotes":""},"class_list":["post-16","page","type-page","status-publish","hentry"],"jetpack_sharing_enabled":true,"jetpack_shortlink":"https:\/\/wp.me\/P7enWR-g","jetpack-related-posts":[],"_links":{"self":[{"href":"https:\/\/hans-meierhofer.ch\/index.php?rest_route=\/wp\/v2\/pages\/16","targetHints":{"allow":["GET"]}}],"collection":[{"href":"https:\/\/hans-meierhofer.ch\/index.php?rest_route=\/wp\/v2\/pages"}],"about":[{"href":"https:\/\/hans-meierhofer.ch\/index.php?rest_route=\/wp\/v2\/types\/page"}],"author":[{"embeddable":true,"href":"https:\/\/hans-meierhofer.ch\/index.php?rest_route=\/wp\/v2\/users\/1"}],"replies":[{"embeddable":true,"href":"https:\/\/hans-meierhofer.ch\/index.php?rest_route=%2Fwp%2Fv2%2Fcomments&post=16"}],"version-history":[{"count":11,"href":"https:\/\/hans-meierhofer.ch\/index.php?rest_route=\/wp\/v2\/pages\/16\/revisions"}],"predecessor-version":[{"id":549,"href":"https:\/\/hans-meierhofer.ch\/index.php?rest_route=\/wp\/v2\/pages\/16\/revisions\/549"}],"wp:attachment":[{"href":"https:\/\/hans-meierhofer.ch\/index.php?rest_route=%2Fwp%2Fv2%2Fmedia&parent=16"}],"curies":[{"name":"wp","href":"https:\/\/api.w.org\/{rel}","templated":true}]}}