{"id":421,"date":"2020-04-23T08:18:10","date_gmt":"2020-04-23T08:18:10","guid":{"rendered":"http:\/\/hans-meierhofer.ch\/?page_id=421"},"modified":"2020-05-16T11:08:51","modified_gmt":"2020-05-16T11:08:51","slug":"dirigat","status":"publish","type":"page","link":"https:\/\/hans-meierhofer.ch\/?page_id=421","title":{"rendered":"Dirigat"},"content":{"rendered":"\n<h2 class=\"wp-block-heading\">Chorfantasie &#8211; 1808 &#8211; Ludwig van Beethoven<\/h2>\n\n\n\n<figure class=\"wp-block-embed-youtube wp-block-embed is-type-video is-provider-youtube wp-embed-aspect-16-9 wp-has-aspect-ratio\"><div class=\"wp-block-embed__wrapper\">\n<iframe loading=\"lazy\" title=\"Chorfantasie, 1808, Ludwig van Beethoven\" width=\"676\" height=\"380\" src=\"https:\/\/www.youtube.com\/embed\/gyNSg2Zm5PI?feature=oembed\" frameborder=\"0\" allow=\"accelerometer; autoplay; clipboard-write; encrypted-media; gyroscope; picture-in-picture; web-share\" referrerpolicy=\"strict-origin-when-cross-origin\" allowfullscreen><\/iframe>\n<\/div><figcaption>Caspar Dechman, Klavier und ein ad hoc-Chor<br>Orchester der Gymnasien R\u00e4mib\u00fchl<br>Hans Meierhofer, Leitung<br>Aufnahme vom Sonntag, 26. Januar 1992, Kirche St. Peter<\/figcaption><\/figure>\n\n\n\n<div class=\"wp-block-file\"><a href=\"http:\/\/hans-meierhofer.ch\/wp-content\/uploads\/2020\/04\/Chorfantasie.pdf\" target=\"_blank\" rel=\"noreferrer noopener\">Programm Chorfantasie<\/a><a href=\"http:\/\/hans-meierhofer.ch\/wp-content\/uploads\/2020\/04\/Chorfantasie.pdf\" class=\"wp-block-file__button\" download>Herunterladen<\/a><\/div>\n\n\n\n<hr class=\"wp-block-separator\"\/>\n\n\n\n<h2 class=\"wp-block-heading\">Dirigentische Arbeit mit Jugendlichen &#8211; Zwei mal Tschaikowski<\/h2>\n\n\n\n<figure class=\"wp-block-embed-youtube wp-block-embed is-type-video is-provider-youtube wp-embed-aspect-4-3 wp-has-aspect-ratio\"><div class=\"wp-block-embed__wrapper\">\n<iframe loading=\"lazy\" title=\"Dirigentische Arbeit mit Jugendlichen - Zwei mal Tschaikowski\" width=\"676\" height=\"380\" src=\"https:\/\/www.youtube.com\/embed\/hvsweWotXiE?feature=oembed\" frameborder=\"0\" allow=\"accelerometer; autoplay; clipboard-write; encrypted-media; gyroscope; picture-in-picture; web-share\" referrerpolicy=\"strict-origin-when-cross-origin\" allowfullscreen><\/iframe>\n<\/div><figcaption>Aufnahmen von unseren Tourneen nach<br>Litauen (2004) und in die Normandie (2007)<\/figcaption><\/figure>\n\n\n\n<div class=\"wp-block-file\"><a href=\"http:\/\/hans-meierhofer.ch\/wp-content\/uploads\/2020\/05\/Tschaikowski_Begleittext.pdf\" target=\"_blank\" rel=\"noreferrer noopener\">Dirigentisches Arbeiten mit Jugendlichen<\/a><a href=\"http:\/\/hans-meierhofer.ch\/wp-content\/uploads\/2020\/05\/Tschaikowski_Begleittext.pdf\" class=\"wp-block-file__button\" download>Herunterladen<\/a><\/div>\n\n\n\n<hr class=\"wp-block-separator\"\/>\n\n\n\n<h2 class=\"wp-block-heading\"><strong>\u201eLebensbilder\u201c \u2013 Gustav Mahler: 1. Symphonie<\/strong><\/h2>\n\n\n\n<figure class=\"wp-block-embed-youtube wp-block-embed is-type-video is-provider-youtube wp-embed-aspect-16-9 wp-has-aspect-ratio\"><div class=\"wp-block-embed__wrapper\">\n<iframe loading=\"lazy\" title=\"\u201eLebensbilder\u201c \u2013 Gustav Mahler: 1. Symphonie\" width=\"676\" height=\"380\" src=\"https:\/\/www.youtube.com\/embed\/j8YmRBbs-MI?feature=oembed\" frameborder=\"0\" allow=\"accelerometer; autoplay; clipboard-write; encrypted-media; gyroscope; picture-in-picture; web-share\" referrerpolicy=\"strict-origin-when-cross-origin\" allowfullscreen><\/iframe>\n<\/div><figcaption>Einstudierung: H. Meierhofer, R. Winzenried, M. Br\u00fchlmann. Solofl\u00f6te: Beat L\u00fctolf, Konzermeisterin: Monika Baer, Pauke: Philippe Jordan.<\/figcaption><\/figure>\n\n\n\n<p>Eine kreative Schilderung des Wirkens von Hans Meierhofer, der 35 Jahre lang das Orchester der Gymnasien R\u00e4mib\u00fchl leitete. Die Auff\u00fchrung von Mahlers \u201eErster\u201c bildete dabei einen fast unglaublichen H\u00f6hepunkt (24. April 1988 Kirche St. Peter, Z\u00fcrich). Das Interessensspektrum Meierhofers zeigt sich auch in bildnerischem Schaffen, in der Regief\u00fchrung, auf Reisen und in Sprach- und Religionsstudien.<\/p>\n\n\n\n<hr class=\"wp-block-separator\"\/>\n","protected":false},"excerpt":{"rendered":"<p>Chorfantasie &#8211; 1808 &#8211; Ludwig van Beethoven Dirigentische Arbeit mit Jugendlichen &#8211; Zwei mal Tschaikowski \u201eLebensbilder\u201c \u2013 Gustav Mahler: 1. Symphonie Eine kreative Schilderung des Wirkens von Hans Meierhofer, der 35 Jahre lang das Orchester der Gymnasien R\u00e4mib\u00fchl leitete. Die&#8230; <a class=\"more-link\" href=\"https:\/\/hans-meierhofer.ch\/?page_id=421\">Weiterlesen &rarr;<\/a><\/p>\n","protected":false},"author":1,"featured_media":0,"parent":381,"menu_order":0,"comment_status":"closed","ping_status":"closed","template":"template-fullwidth.php","meta":{"jetpack_post_was_ever_published":false,"footnotes":""},"class_list":["post-421","page","type-page","status-publish","hentry"],"jetpack_sharing_enabled":true,"jetpack_shortlink":"https:\/\/wp.me\/P7enWR-6N","jetpack-related-posts":[],"_links":{"self":[{"href":"https:\/\/hans-meierhofer.ch\/index.php?rest_route=\/wp\/v2\/pages\/421","targetHints":{"allow":["GET"]}}],"collection":[{"href":"https:\/\/hans-meierhofer.ch\/index.php?rest_route=\/wp\/v2\/pages"}],"about":[{"href":"https:\/\/hans-meierhofer.ch\/index.php?rest_route=\/wp\/v2\/types\/page"}],"author":[{"embeddable":true,"href":"https:\/\/hans-meierhofer.ch\/index.php?rest_route=\/wp\/v2\/users\/1"}],"replies":[{"embeddable":true,"href":"https:\/\/hans-meierhofer.ch\/index.php?rest_route=%2Fwp%2Fv2%2Fcomments&post=421"}],"version-history":[{"count":7,"href":"https:\/\/hans-meierhofer.ch\/index.php?rest_route=\/wp\/v2\/pages\/421\/revisions"}],"predecessor-version":[{"id":480,"href":"https:\/\/hans-meierhofer.ch\/index.php?rest_route=\/wp\/v2\/pages\/421\/revisions\/480"}],"up":[{"embeddable":true,"href":"https:\/\/hans-meierhofer.ch\/index.php?rest_route=\/wp\/v2\/pages\/381"}],"wp:attachment":[{"href":"https:\/\/hans-meierhofer.ch\/index.php?rest_route=%2Fwp%2Fv2%2Fmedia&parent=421"}],"curies":[{"name":"wp","href":"https:\/\/api.w.org\/{rel}","templated":true}]}}