{"id":470,"date":"2020-05-16T10:07:48","date_gmt":"2020-05-16T10:07:48","guid":{"rendered":"http:\/\/hans-meierhofer.ch\/?page_id=470"},"modified":"2020-08-12T07:29:36","modified_gmt":"2020-08-12T07:29:36","slug":"experiment","status":"publish","type":"page","link":"https:\/\/hans-meierhofer.ch\/?page_id=470","title":{"rendered":"Experiment"},"content":{"rendered":"\n<h2 class=\"wp-block-heading\">Farbenexperiment mit Sch\u00f6nbergs \u201eSechs kleinen Klavierst\u00fccken\u201c op. 19<\/h2>\n\n\n\n<figure class=\"wp-block-embed-youtube wp-block-embed is-type-video is-provider-youtube wp-embed-aspect-16-9 wp-has-aspect-ratio\"><div class=\"wp-block-embed__wrapper\">\n<iframe loading=\"lazy\" title=\"Farbenexperiment mit Sch\u00f6nbergs \u201eSechs kleinen Klavierst\u00fccken\u201c op. 19\" width=\"676\" height=\"380\" src=\"https:\/\/www.youtube.com\/embed\/MlmrcSDPxLg?feature=oembed\" frameborder=\"0\" allow=\"accelerometer; autoplay; clipboard-write; encrypted-media; gyroscope; picture-in-picture; web-share\" referrerpolicy=\"strict-origin-when-cross-origin\" allowfullscreen><\/iframe>\n<\/div><figcaption>Die Grundgedanken dieses B\u00fchnen-Projektes werden im Film selbst dargestellt &#8211; der Titel KAIROS wurde gew\u00e4hlt, weil die darstellenden Sch\u00fcler*Innen wie Zen-Meister konzentriert und entspannt zugleich im sch\u00f6pferischen Augenblick lebten \u2013 vergleichbar mit H\u00f6hepunkten der DADA-Zeit.<\/figcaption><\/figure>\n\n\n\n<div class=\"wp-block-file\"><a href=\"http:\/\/hans-meierhofer.ch\/wp-content\/uploads\/2020\/05\/Farbenexperiment_Kommentar.pdf\" target=\"_blank\" rel=\"noreferrer noopener\">Kommentar zum Farbenexperiment mit Sch\u00f6nbergs op. 19<\/a><a href=\"http:\/\/hans-meierhofer.ch\/wp-content\/uploads\/2020\/05\/Farbenexperiment_Kommentar.pdf\" class=\"wp-block-file__button\" download>Herunterladen<\/a><\/div>\n\n\n\n<hr class=\"wp-block-separator\"\/>\n\n\n\n<h2 class=\"wp-block-heading\">TETRACTYS, avantgardistisches Streichquartett (+ chaotische Opernszenen)<\/h2>\n\n\n\n<figure class=\"wp-block-embed-youtube wp-block-embed is-type-video is-provider-youtube wp-embed-aspect-16-9 wp-has-aspect-ratio\"><div class=\"wp-block-embed__wrapper\">\n<iframe loading=\"lazy\" title=\"Hans Meierhofer: TETRACTYS, avantgardistisches Streichquartett (+ chaotische Opernszenen)\" width=\"676\" height=\"380\" src=\"https:\/\/www.youtube.com\/embed\/fotEFa3SHDg?feature=oembed\" frameborder=\"0\" allow=\"accelerometer; autoplay; clipboard-write; encrypted-media; gyroscope; picture-in-picture; web-share\" referrerpolicy=\"strict-origin-when-cross-origin\" allowfullscreen><\/iframe>\n<\/div><\/figure>\n\n\n\n<div class=\"wp-block-file\"><a href=\"http:\/\/hans-meierhofer.ch\/wp-content\/uploads\/2020\/08\/TETRACTYS_partitur.pdf\" target=\"_blank\" rel=\"noreferrer noopener\">TETRACTYS, Partitur<\/a><a href=\"http:\/\/hans-meierhofer.ch\/wp-content\/uploads\/2020\/08\/TETRACTYS_partitur.pdf\" class=\"wp-block-file__button\" download>Herunterladen<\/a><\/div>\n\n\n\n<div class=\"wp-block-file\"><a href=\"http:\/\/hans-meierhofer.ch\/wp-content\/uploads\/2020\/08\/Tetractys_Brief.pdf\" target=\"_blank\" rel=\"noreferrer noopener\">Der Brief (P. M\u00fcller 27. 8. 1984)<\/a><a href=\"http:\/\/hans-meierhofer.ch\/wp-content\/uploads\/2020\/08\/Tetractys_Brief.pdf\" class=\"wp-block-file__button\" download>Herunterladen<\/a><\/div>\n\n\n\n<hr class=\"wp-block-separator\"\/>\n","protected":false},"excerpt":{"rendered":"<p>Farbenexperiment mit Sch\u00f6nbergs \u201eSechs kleinen Klavierst\u00fccken\u201c op. 19 TETRACTYS, avantgardistisches Streichquartett (+ chaotische Opernszenen)<\/p>\n","protected":false},"author":1,"featured_media":0,"parent":381,"menu_order":0,"comment_status":"closed","ping_status":"closed","template":"template-fullwidth.php","meta":{"jetpack_post_was_ever_published":false,"footnotes":""},"class_list":["post-470","page","type-page","status-publish","hentry"],"jetpack_sharing_enabled":true,"jetpack_shortlink":"https:\/\/wp.me\/P7enWR-7A","jetpack-related-posts":[],"_links":{"self":[{"href":"https:\/\/hans-meierhofer.ch\/index.php?rest_route=\/wp\/v2\/pages\/470","targetHints":{"allow":["GET"]}}],"collection":[{"href":"https:\/\/hans-meierhofer.ch\/index.php?rest_route=\/wp\/v2\/pages"}],"about":[{"href":"https:\/\/hans-meierhofer.ch\/index.php?rest_route=\/wp\/v2\/types\/page"}],"author":[{"embeddable":true,"href":"https:\/\/hans-meierhofer.ch\/index.php?rest_route=\/wp\/v2\/users\/1"}],"replies":[{"embeddable":true,"href":"https:\/\/hans-meierhofer.ch\/index.php?rest_route=%2Fwp%2Fv2%2Fcomments&post=470"}],"version-history":[{"count":10,"href":"https:\/\/hans-meierhofer.ch\/index.php?rest_route=\/wp\/v2\/pages\/470\/revisions"}],"predecessor-version":[{"id":606,"href":"https:\/\/hans-meierhofer.ch\/index.php?rest_route=\/wp\/v2\/pages\/470\/revisions\/606"}],"up":[{"embeddable":true,"href":"https:\/\/hans-meierhofer.ch\/index.php?rest_route=\/wp\/v2\/pages\/381"}],"wp:attachment":[{"href":"https:\/\/hans-meierhofer.ch\/index.php?rest_route=%2Fwp%2Fv2%2Fmedia&parent=470"}],"curies":[{"name":"wp","href":"https:\/\/api.w.org\/{rel}","templated":true}]}}