{"id":487,"date":"2020-05-28T07:59:52","date_gmt":"2020-05-28T07:59:52","guid":{"rendered":"http:\/\/hans-meierhofer.ch\/?page_id=487"},"modified":"2020-07-15T08:00:20","modified_gmt":"2020-07-15T08:00:20","slug":"bearbeitung","status":"publish","type":"page","link":"https:\/\/hans-meierhofer.ch\/?page_id=487","title":{"rendered":"Bearbeitung"},"content":{"rendered":"\n<h2 class=\"wp-block-heading\">Bearbeitungen f\u00fcr Streichorchester<\/h2>\n\n\n\n<figure class=\"wp-block-embed-youtube wp-block-embed is-type-video is-provider-youtube wp-embed-aspect-16-9 wp-has-aspect-ratio\"><div class=\"wp-block-embed__wrapper\">\n<iframe loading=\"lazy\" title=\"Bearbeitungen f\u00fcr Streichorchester - Bart\u00f3k:  FOR CHILDREN   -   Dvo\u0159\u00e1k: SONATINE Op. 100\" width=\"676\" height=\"380\" src=\"https:\/\/www.youtube.com\/embed\/FkHvj6B6iKA?feature=oembed\" frameborder=\"0\" allow=\"accelerometer; autoplay; clipboard-write; encrypted-media; gyroscope; picture-in-picture; web-share\" referrerpolicy=\"strict-origin-when-cross-origin\" allowfullscreen><\/iframe>\n<\/div><figcaption>Bart\u00f3k: FOR CHILDREN &#8211; Dvo\u0159\u00e1k: SONATINE Op. 100<\/figcaption><\/figure>\n\n\n\n<div class=\"wp-block-file\"><a href=\"http:\/\/hans-meierhofer.ch\/wp-content\/uploads\/2020\/05\/Begleittext_Bearbeitung_Bartok_Dvorak.pdf\" target=\"_blank\" rel=\"noreferrer noopener\">Begleittext zur Bearbeitung Bartok &#8211; Dvorak, mit Vortrag \u00fcber Grimms \u201eEselein\u201c<\/a><a href=\"http:\/\/hans-meierhofer.ch\/wp-content\/uploads\/2020\/05\/Begleittext_Bearbeitung_Bartok_Dvorak.pdf\" class=\"wp-block-file__button\" download>Herunterladen<\/a><\/div>\n\n\n\n<hr class=\"wp-block-separator\"\/>\n\n\n\n<h2 class=\"wp-block-heading\"><strong>Bearbeitung von Beethoven: \u201eHeiliger Dankgesang eines Genesenen an die Gottheit\u201c Op. 132<\/strong> \u00a0&#8211; \u00a0Ouvert\u00fcre zu \u201ePrometheus\u201c Op. 43\u00a0 &#8211;\u00a0 Grosse Fuge Op.133 (Klavier-Version)<\/h2>\n\n\n\n<figure class=\"wp-block-embed-youtube wp-block-embed is-type-video is-provider-youtube wp-embed-aspect-4-3 wp-has-aspect-ratio\"><div class=\"wp-block-embed__wrapper\">\n<iframe loading=\"lazy\" title=\"Meierhofer: Bearbeitung Beethoven: &quot;Dankgesang eines Genesenen&quot; -   &quot;Prometheus\u201c  -  Grosse Fuge\" width=\"676\" height=\"380\" src=\"https:\/\/www.youtube.com\/embed\/xRGOIntvGBk?feature=oembed\" frameborder=\"0\" allow=\"accelerometer; autoplay; clipboard-write; encrypted-media; gyroscope; picture-in-picture; web-share\" referrerpolicy=\"strict-origin-when-cross-origin\" allowfullscreen><\/iframe>\n<\/div><\/figure>\n\n\n\n<p><strong>Informationen zum Film<\/strong><br><a rel=\"noreferrer noopener\" href=\"https:\/\/de.wikipedia.org\/wiki\/Prometheus\" target=\"_blank\">Prometheus &#8211; Wikipedia<\/a><br><a rel=\"noreferrer noopener\" href=\"https:\/\/www.perseus.ch\/PDF-Europaer\/JG_03\/Europaer_12_1999.pdf\" target=\"_blank\">Beethoven als Reinkarnation von Prometheus (PDF S. 7-11)<\/a><\/p>\n\n\n\n<div class=\"wp-block-file\"><a href=\"http:\/\/hans-meierhofer.ch\/wp-content\/uploads\/2020\/07\/Beethoven_Grosse-Fuge.pdf\" target=\"_blank\" rel=\"noreferrer noopener\"><strong>\u201eGrosse Fuge\u201c f\u00fcr Streichquartett Op.133<\/strong>, Beginn des Originals \u00a0\u00a0\u00a0\u00a0<\/a><a href=\"http:\/\/hans-meierhofer.ch\/wp-content\/uploads\/2020\/07\/Beethoven_Grosse-Fuge.pdf\" class=\"wp-block-file__button\" download>Herunterladen<\/a><\/div>\n\n\n\n<div class=\"wp-block-file\"><a href=\"http:\/\/hans-meierhofer.ch\/wp-content\/uploads\/2020\/07\/Beethoven_Dankgesang.pdf\" target=\"_blank\" rel=\"noreferrer noopener\">\u201eHeiliger Dankgesang eines Genesenen an die Gottheit, in der lydischen Tonart\u201c aus dem Streichquartett Op.132: Beginn des Originals<\/a><a href=\"http:\/\/hans-meierhofer.ch\/wp-content\/uploads\/2020\/07\/Beethoven_Dankgesang.pdf\" class=\"wp-block-file__button\" download>Herunterladen<\/a><\/div>\n","protected":false},"excerpt":{"rendered":"<p>Bearbeitungen f\u00fcr Streichorchester Bearbeitung von Beethoven: \u201eHeiliger Dankgesang eines Genesenen an die Gottheit\u201c Op. 132 \u00a0&#8211; \u00a0Ouvert\u00fcre zu \u201ePrometheus\u201c Op. 43\u00a0 &#8211;\u00a0 Grosse Fuge Op.133 (Klavier-Version) Informationen zum FilmPrometheus &#8211; WikipediaBeethoven als Reinkarnation von Prometheus (PDF S. 7-11)<\/p>\n","protected":false},"author":1,"featured_media":0,"parent":381,"menu_order":0,"comment_status":"closed","ping_status":"closed","template":"template-fullwidth.php","meta":{"jetpack_post_was_ever_published":false,"footnotes":""},"class_list":["post-487","page","type-page","status-publish","hentry"],"jetpack_sharing_enabled":true,"jetpack_shortlink":"https:\/\/wp.me\/P7enWR-7R","jetpack-related-posts":[],"_links":{"self":[{"href":"https:\/\/hans-meierhofer.ch\/index.php?rest_route=\/wp\/v2\/pages\/487","targetHints":{"allow":["GET"]}}],"collection":[{"href":"https:\/\/hans-meierhofer.ch\/index.php?rest_route=\/wp\/v2\/pages"}],"about":[{"href":"https:\/\/hans-meierhofer.ch\/index.php?rest_route=\/wp\/v2\/types\/page"}],"author":[{"embeddable":true,"href":"https:\/\/hans-meierhofer.ch\/index.php?rest_route=\/wp\/v2\/users\/1"}],"replies":[{"embeddable":true,"href":"https:\/\/hans-meierhofer.ch\/index.php?rest_route=%2Fwp%2Fv2%2Fcomments&post=487"}],"version-history":[{"count":9,"href":"https:\/\/hans-meierhofer.ch\/index.php?rest_route=\/wp\/v2\/pages\/487\/revisions"}],"predecessor-version":[{"id":591,"href":"https:\/\/hans-meierhofer.ch\/index.php?rest_route=\/wp\/v2\/pages\/487\/revisions\/591"}],"up":[{"embeddable":true,"href":"https:\/\/hans-meierhofer.ch\/index.php?rest_route=\/wp\/v2\/pages\/381"}],"wp:attachment":[{"href":"https:\/\/hans-meierhofer.ch\/index.php?rest_route=%2Fwp%2Fv2%2Fmedia&parent=487"}],"curies":[{"name":"wp","href":"https:\/\/api.w.org\/{rel}","templated":true}]}}