{"id":764,"date":"2020-11-14T09:25:23","date_gmt":"2020-11-14T09:25:23","guid":{"rendered":"http:\/\/hans-meierhofer.ch\/?page_id=764"},"modified":"2021-10-27T08:31:26","modified_gmt":"2021-10-27T08:31:26","slug":"theorie","status":"publish","type":"page","link":"https:\/\/hans-meierhofer.ch\/?page_id=764","title":{"rendered":"Theorie"},"content":{"rendered":"\n<h2 class=\"wp-block-heading\">Musiktheorie<\/h2>\n\n\n\n<figure class=\"wp-block-embed is-type-video is-provider-youtube wp-block-embed-youtube wp-embed-aspect-16-9 wp-has-aspect-ratio\"><div class=\"wp-block-embed__wrapper\">\n<iframe loading=\"lazy\" title=\"Hans Meierhofer: Musiktheorie\" width=\"676\" height=\"380\" src=\"https:\/\/www.youtube.com\/embed\/hV0otYh73do?feature=oembed\" frameborder=\"0\" allow=\"accelerometer; autoplay; clipboard-write; encrypted-media; gyroscope; picture-in-picture; web-share\" referrerpolicy=\"strict-origin-when-cross-origin\" allowfullscreen><\/iframe>\n<\/div><\/figure>\n\n\n\n<p>Lehrg\u00e4nge<\/p>\n\n\n\n<div class=\"wp-block-file\"><a href=\"http:\/\/hans-meierhofer.ch\/wp-content\/uploads\/2020\/11\/Grundphaenomene.pdf\" target=\"_blank\" rel=\"noreferrer noopener\">ETH I: Grundph\u00e4nomene<\/a><a href=\"http:\/\/hans-meierhofer.ch\/wp-content\/uploads\/2020\/11\/Grundphaenomene.pdf\" class=\"wp-block-file__button\" download>Herunterladen<\/a><\/div>\n\n\n\n<div class=\"wp-block-file\"><a href=\"http:\/\/hans-meierhofer.ch\/wp-content\/uploads\/2021\/10\/ETH2-small-neu-1.pdf\" target=\"_blank\" rel=\"noreferrer noopener\">ETH 2: Harmonielehre<\/a><a href=\"http:\/\/hans-meierhofer.ch\/wp-content\/uploads\/2021\/10\/ETH2-small-neu-1.pdf\" class=\"wp-block-file__button\" download>Herunterladen<\/a><\/div>\n\n\n\n<div class=\"wp-block-file\"><a href=\"http:\/\/hans-meierhofer.ch\/wp-content\/uploads\/2020\/11\/ETH3.pdf\" target=\"_blank\" rel=\"noreferrer noopener\">ETH 3: Formenlehre<\/a><a href=\"http:\/\/hans-meierhofer.ch\/wp-content\/uploads\/2020\/11\/ETH3.pdf\" class=\"wp-block-file__button\" download>Herunterladen<\/a><\/div>\n\n\n\n<div class=\"wp-block-file\"><a href=\"http:\/\/hans-meierhofer.ch\/wp-content\/uploads\/2020\/11\/KONTRAPUNKT.pdf\" target=\"_blank\" rel=\"noreferrer noopener\">Kontrapunkt<\/a><a href=\"http:\/\/hans-meierhofer.ch\/wp-content\/uploads\/2020\/11\/KONTRAPUNKT.pdf\" class=\"wp-block-file__button\" download>Herunterladen<\/a><\/div>\n\n\n\n<div class=\"wp-block-file\"><a href=\"http:\/\/hans-meierhofer.ch\/wp-content\/uploads\/2020\/11\/Reiz_falscher_Noten.pdf\" target=\"_blank\" rel=\"noreferrer noopener\">Vom Reiz falscher Noten<\/a><a href=\"http:\/\/hans-meierhofer.ch\/wp-content\/uploads\/2020\/11\/Reiz_falscher_Noten.pdf\" class=\"wp-block-file__button\" download>Herunterladen<\/a><\/div>\n\n\n\n<p>Spezielle Themen<\/p>\n\n\n\n<div class=\"wp-block-file\"><a href=\"http:\/\/hans-meierhofer.ch\/wp-content\/uploads\/2020\/12\/Schlussfloskeln.pdf\" target=\"_blank\" rel=\"noreferrer noopener\">Schlussfloskeln<\/a><a href=\"http:\/\/hans-meierhofer.ch\/wp-content\/uploads\/2020\/12\/Schlussfloskeln.pdf\" class=\"wp-block-file__button\" download>Herunterladen<\/a><\/div>\n\n\n\n<div class=\"wp-block-file\"><a href=\"http:\/\/hans-meierhofer.ch\/wp-content\/uploads\/2020\/11\/Quintenparallelen.pdf\" target=\"_blank\" rel=\"noreferrer noopener\">Quintenparallelen<\/a><a href=\"http:\/\/hans-meierhofer.ch\/wp-content\/uploads\/2020\/11\/Quintenparallelen.pdf\" class=\"wp-block-file__button\" download>Herunterladen<\/a><\/div>\n\n\n\n<div class=\"wp-block-file\"><a href=\"http:\/\/hans-meierhofer.ch\/wp-content\/uploads\/2020\/11\/Modulationsmaschine.doc\" target=\"_blank\" rel=\"noreferrer noopener\">\u201eModulationsmaschine\u201c (Word Dokument)<\/a><a href=\"http:\/\/hans-meierhofer.ch\/wp-content\/uploads\/2020\/11\/Modulationsmaschine.doc\" class=\"wp-block-file__button\" download>Herunterladen<\/a><\/div>\n\n\n\n<div class=\"wp-block-file\"><a href=\"http:\/\/hans-meierhofer.ch\/wp-content\/uploads\/2020\/11\/Tonal_Leit_Gleit.pdf\" target=\"_blank\" rel=\"noreferrer noopener\">Tonalit\u00e4t: Leitt\u00f6ne-Gleitt\u00f6ne<\/a><a href=\"http:\/\/hans-meierhofer.ch\/wp-content\/uploads\/2020\/11\/Tonal_Leit_Gleit.pdf\" class=\"wp-block-file__button\" download>Herunterladen<\/a><\/div>\n\n\n\n<div class=\"wp-block-file\"><a href=\"http:\/\/hans-meierhofer.ch\/wp-content\/uploads\/2020\/11\/Trist.pdf\" target=\"_blank\" rel=\"noreferrer noopener\">Tristan-Akkord<\/a><a href=\"http:\/\/hans-meierhofer.ch\/wp-content\/uploads\/2020\/11\/Trist.pdf\" class=\"wp-block-file__button\" download>Herunterladen<\/a><\/div>\n\n\n\n<div class=\"wp-block-file\"><a href=\"http:\/\/hans-meierhofer.ch\/wp-content\/uploads\/2020\/11\/12ton.pdf\" target=\"_blank\" rel=\"noreferrer noopener\">12-Ton \u201etonal\u201c<\/a><a href=\"http:\/\/hans-meierhofer.ch\/wp-content\/uploads\/2020\/11\/12ton.pdf\" class=\"wp-block-file__button\" download>Herunterladen<\/a><\/div>\n\n\n\n<div class=\"wp-block-file\"><a href=\"http:\/\/hans-meierhofer.ch\/wp-content\/uploads\/2020\/12\/12-Ton-bei-Webern-.pdf\" target=\"_blank\" rel=\"noreferrer noopener\">12-Ton bei Webern<\/a><a href=\"http:\/\/hans-meierhofer.ch\/wp-content\/uploads\/2020\/12\/12-Ton-bei-Webern-.pdf\" class=\"wp-block-file__button\" download>Herunterladen<\/a><\/div>\n\n\n\n<p>2 Analysen (ETH Musterl\u00f6sungen)<\/p>\n\n\n\n<div class=\"wp-block-file\"><a href=\"http:\/\/hans-meierhofer.ch\/wp-content\/uploads\/2020\/11\/Beethoven.pdf\" target=\"_blank\" rel=\"noreferrer noopener\">Beethovens \u201eF\u00fcnfte\u201c<\/a><a href=\"http:\/\/hans-meierhofer.ch\/wp-content\/uploads\/2020\/11\/Beethoven.pdf\" class=\"wp-block-file__button\" download>Herunterladen<\/a><\/div>\n\n\n\n<div class=\"wp-block-file\"><a href=\"http:\/\/hans-meierhofer.ch\/wp-content\/uploads\/2020\/11\/GEBET.pdf\" target=\"_blank\" rel=\"noreferrer noopener\">M\u00f6rike\/Wolf: \u201eGebet\u201c<\/a><a href=\"http:\/\/hans-meierhofer.ch\/wp-content\/uploads\/2020\/11\/GEBET.pdf\" class=\"wp-block-file__button\" download>Herunterladen<\/a><\/div>\n\n\n\n<p>2 vorbildliche Sch\u00fclerarbeiten (Giulia Mazzotti)<\/p>\n\n\n\n<div class=\"wp-block-file\"><a href=\"http:\/\/hans-meierhofer.ch\/wp-content\/uploads\/2020\/11\/Maz_a-d.pdf\" target=\"_blank\" rel=\"noreferrer noopener\">Bachs RICERCARE (Extended Essay)<\/a><a href=\"http:\/\/hans-meierhofer.ch\/wp-content\/uploads\/2020\/11\/Maz_a-d.pdf\" class=\"wp-block-file__button\" download>Herunterladen<\/a><\/div>\n\n\n\n<div class=\"wp-block-file\"><a href=\"http:\/\/hans-meierhofer.ch\/wp-content\/uploads\/2020\/11\/Maz2.pdf\" target=\"_blank\" rel=\"noreferrer noopener\">Sch\u00f6nberg-Kandinsky (Matura-Arbeit)<\/a><a href=\"http:\/\/hans-meierhofer.ch\/wp-content\/uploads\/2020\/11\/Maz2.pdf\" class=\"wp-block-file__button\" download>Herunterladen<\/a><\/div>\n\n\n\n<p>Programmnotiz<\/p>\n\n\n\n<div class=\"wp-block-file\"><a href=\"http:\/\/hans-meierhofer.ch\/wp-content\/uploads\/2020\/11\/Kunst_der_Fuge.pdf\" target=\"_blank\" rel=\"noreferrer noopener\">Kunst der Fuge<\/a><a href=\"http:\/\/hans-meierhofer.ch\/wp-content\/uploads\/2020\/11\/Kunst_der_Fuge.pdf\" class=\"wp-block-file__button\" download>Herunterladen<\/a><\/div>\n\n\n\n<hr class=\"wp-block-separator\"\/>\n\n\n\n<h2 class=\"wp-block-heading\">MUSIK: Ein Naturgesetz? Beethoven\/Brahms<\/h2>\n\n\n\n<figure class=\"wp-block-embed is-type-video is-provider-youtube wp-block-embed-youtube wp-embed-aspect-16-9 wp-has-aspect-ratio\"><div class=\"wp-block-embed__wrapper\">\n<iframe loading=\"lazy\" title=\"Hans Meierhofer: MUSIK - Ein Naturgesetz? Beethoven\/Brahms\" width=\"676\" height=\"380\" src=\"https:\/\/www.youtube.com\/embed\/CvjIpSgnesE?feature=oembed\" frameborder=\"0\" allow=\"accelerometer; autoplay; clipboard-write; encrypted-media; gyroscope; picture-in-picture; web-share\" referrerpolicy=\"strict-origin-when-cross-origin\" allowfullscreen><\/iframe>\n<\/div><\/figure>\n\n\n\n<div class=\"wp-block-file\"><a href=\"http:\/\/hans-meierhofer.ch\/wp-content\/uploads\/2020\/12\/1a-Brahms-1.-Symphonie-.pdf\" target=\"_blank\" rel=\"noreferrer noopener\">1a Brahms, 1. Symphonie<\/a><a href=\"http:\/\/hans-meierhofer.ch\/wp-content\/uploads\/2020\/12\/1a-Brahms-1.-Symphonie-.pdf\" class=\"wp-block-file__button\" download>Herunterladen<\/a><\/div>\n\n\n\n<div class=\"wp-block-file\"><a href=\"http:\/\/hans-meierhofer.ch\/wp-content\/uploads\/2020\/12\/1b-Beethoven-Pastorale.pdf\" target=\"_blank\" rel=\"noreferrer noopener\">1b Beethoven, &#8222;Pastorale&#8220;<\/a><a href=\"http:\/\/hans-meierhofer.ch\/wp-content\/uploads\/2020\/12\/1b-Beethoven-Pastorale.pdf\" class=\"wp-block-file__button\" download>Herunterladen<\/a><\/div>\n\n\n\n<div class=\"wp-block-file\"><a href=\"http:\/\/hans-meierhofer.ch\/wp-content\/uploads\/2020\/12\/1c-Vo\u0308gel-und-Wasserfa\u0308lle.pdf\" target=\"_blank\" rel=\"noreferrer noopener\">1c V\u00f6gel und Wasserf\u00e4lle<\/a><a href=\"http:\/\/hans-meierhofer.ch\/wp-content\/uploads\/2020\/12\/1c-Vo\u0308gel-und-Wasserfa\u0308lle.pdf\" class=\"wp-block-file__button\" download>Herunterladen<\/a><\/div>\n\n\n\n<div style=\"height:20px\" aria-hidden=\"true\" class=\"wp-block-spacer\"><\/div>\n\n\n\n<div class=\"wp-block-file\"><a href=\"http:\/\/hans-meierhofer.ch\/wp-content\/uploads\/2020\/12\/2a-Musikinstrumente-.pdf\" target=\"_blank\" rel=\"noreferrer noopener\">2a Musikinstrumente<\/a><a href=\"http:\/\/hans-meierhofer.ch\/wp-content\/uploads\/2020\/12\/2a-Musikinstrumente-.pdf\" class=\"wp-block-file__button\" download>Herunterladen<\/a><\/div>\n\n\n\n<div class=\"wp-block-file\"><a href=\"http:\/\/hans-meierhofer.ch\/wp-content\/uploads\/2020\/12\/2b-Instrumente-mit-Naturto\u0308nen.pdf\" target=\"_blank\" rel=\"noreferrer noopener\">2b Instrumente mit Naturt\u00f6nen<\/a><a href=\"http:\/\/hans-meierhofer.ch\/wp-content\/uploads\/2020\/12\/2b-Instrumente-mit-Naturto\u0308nen.pdf\" class=\"wp-block-file__button\" download>Herunterladen<\/a><\/div>\n\n\n\n<div class=\"wp-block-file\"><a href=\"http:\/\/hans-meierhofer.ch\/wp-content\/uploads\/2020\/12\/2c-Die-Obertonreihe-.pdf\" target=\"_blank\" rel=\"noreferrer noopener\">2c Die Obertonreihe<\/a><a href=\"http:\/\/hans-meierhofer.ch\/wp-content\/uploads\/2020\/12\/2c-Die-Obertonreihe-.pdf\" class=\"wp-block-file__button\" download>Herunterladen<\/a><\/div>\n\n\n\n<div class=\"wp-block-file\"><a href=\"http:\/\/hans-meierhofer.ch\/wp-content\/uploads\/2020\/12\/2d-Verju\u0308ngung.pdf\" target=\"_blank\" rel=\"noreferrer noopener\">2d &#8222;Verj\u00fcngung&#8220;<\/a><a href=\"http:\/\/hans-meierhofer.ch\/wp-content\/uploads\/2020\/12\/2d-Verju\u0308ngung.pdf\" class=\"wp-block-file__button\" download>Herunterladen<\/a><\/div>\n\n\n\n<div class=\"wp-block-file\"><a href=\"http:\/\/hans-meierhofer.ch\/wp-content\/uploads\/2020\/12\/2e-Kombinationsto\u0308ne-.pdf\" target=\"_blank\" rel=\"noreferrer noopener\">2e Kombinationst\u00f6ne<\/a><a href=\"http:\/\/hans-meierhofer.ch\/wp-content\/uploads\/2020\/12\/2e-Kombinationsto\u0308ne-.pdf\" class=\"wp-block-file__button\" download>Herunterladen<\/a><\/div>\n\n\n\n<div class=\"wp-block-file\"><a href=\"http:\/\/hans-meierhofer.ch\/wp-content\/uploads\/2020\/12\/2f-Gedackte-Flo\u0308ten-.pdf\" target=\"_blank\" rel=\"noreferrer noopener\">2f Gedackte Fl\u00f6ten<\/a><a href=\"http:\/\/hans-meierhofer.ch\/wp-content\/uploads\/2020\/12\/2f-Gedackte-Flo\u0308ten-.pdf\" class=\"wp-block-file__button\" download>Herunterladen<\/a><\/div>\n\n\n\n<div class=\"wp-block-file\"><a href=\"http:\/\/hans-meierhofer.ch\/wp-content\/uploads\/2020\/12\/2g-Dopplereffekt.pdf\" target=\"_blank\" rel=\"noreferrer noopener\">2g Dopplereffekt<\/a><a href=\"http:\/\/hans-meierhofer.ch\/wp-content\/uploads\/2020\/12\/2g-Dopplereffekt.pdf\" class=\"wp-block-file__button\" download>Herunterladen<\/a><\/div>\n\n\n\n<div class=\"wp-block-file\"><a href=\"http:\/\/hans-meierhofer.ch\/wp-content\/uploads\/2020\/12\/2h-Flugzeuge-Gedankenexperiment-.pdf\" target=\"_blank\" rel=\"noreferrer noopener\">2h Flugzeuge (Gedankenexperiment)<\/a><a href=\"http:\/\/hans-meierhofer.ch\/wp-content\/uploads\/2020\/12\/2h-Flugzeuge-Gedankenexperiment-.pdf\" class=\"wp-block-file__button\" download>Herunterladen<\/a><\/div>\n\n\n\n<div class=\"wp-block-file\"><a href=\"http:\/\/hans-meierhofer.ch\/wp-content\/uploads\/2020\/12\/2i-Zeitumkehr.pdf\" target=\"_blank\" rel=\"noreferrer noopener\">2i Zeitumkehr<\/a><a href=\"http:\/\/hans-meierhofer.ch\/wp-content\/uploads\/2020\/12\/2i-Zeitumkehr.pdf\" class=\"wp-block-file__button\" download>Herunterladen<\/a><\/div>\n\n\n\n<div style=\"height:20px\" aria-hidden=\"true\" class=\"wp-block-spacer\"><\/div>\n\n\n\n<div class=\"wp-block-file\"><a href=\"http:\/\/hans-meierhofer.ch\/wp-content\/uploads\/2020\/12\/3a-Motiv-A-Spiegelung-.pdf\" target=\"_blank\" rel=\"noreferrer noopener\">3a Motiv A (&gt;Spiegelung)<\/a><a href=\"http:\/\/hans-meierhofer.ch\/wp-content\/uploads\/2020\/12\/3a-Motiv-A-Spiegelung-.pdf\" class=\"wp-block-file__button\" download>Herunterladen<\/a><\/div>\n\n\n\n<div class=\"wp-block-file\"><a href=\"http:\/\/hans-meierhofer.ch\/wp-content\/uploads\/2020\/12\/3b-Motiv-B-Spiegelung.pdf\" target=\"_blank\" rel=\"noreferrer noopener\">3b Motiv B (&gt;Spiegelung)<\/a><a href=\"http:\/\/hans-meierhofer.ch\/wp-content\/uploads\/2020\/12\/3b-Motiv-B-Spiegelung.pdf\" class=\"wp-block-file__button\" download>Herunterladen<\/a><\/div>\n\n\n\n<div style=\"height:20px\" aria-hidden=\"true\" class=\"wp-block-spacer\"><\/div>\n\n\n\n<div class=\"wp-block-file\"><a href=\"http:\/\/hans-meierhofer.ch\/wp-content\/uploads\/2020\/12\/4a-Leibnitz-.pdf\" target=\"_blank\" rel=\"noreferrer noopener\">4a Leibnitz<\/a><a href=\"http:\/\/hans-meierhofer.ch\/wp-content\/uploads\/2020\/12\/4a-Leibnitz-.pdf\" class=\"wp-block-file__button\" download>Herunterladen<\/a><\/div>\n\n\n\n<div class=\"wp-block-file\"><a href=\"http:\/\/hans-meierhofer.ch\/wp-content\/uploads\/2020\/12\/4b-Mathematische-Tonskala-.pdf\" target=\"_blank\" rel=\"noreferrer noopener\">4b Mathematische Tonskala<\/a><a href=\"http:\/\/hans-meierhofer.ch\/wp-content\/uploads\/2020\/12\/4b-Mathematische-Tonskala-.pdf\" class=\"wp-block-file__button\" download>Herunterladen<\/a><\/div>\n\n\n\n<div class=\"wp-block-file\"><a href=\"http:\/\/hans-meierhofer.ch\/wp-content\/uploads\/2020\/12\/4c-Die-Zahlen-2-und-3-pdf.pdf\" target=\"_blank\" rel=\"noreferrer noopener\">4c Die Zahlen 2 und 3<\/a><a href=\"http:\/\/hans-meierhofer.ch\/wp-content\/uploads\/2020\/12\/4c-Die-Zahlen-2-und-3-pdf.pdf\" class=\"wp-block-file__button\" download>Herunterladen<\/a><\/div>\n\n\n\n<div class=\"wp-block-file\"><a href=\"http:\/\/hans-meierhofer.ch\/wp-content\/uploads\/2020\/12\/4d-Diabolus-in-Musica-.pdf\" target=\"_blank\" rel=\"noreferrer noopener\">4d Diabolus in Musica<\/a><a href=\"http:\/\/hans-meierhofer.ch\/wp-content\/uploads\/2020\/12\/4d-Diabolus-in-Musica-.pdf\" class=\"wp-block-file__button\" download>Herunterladen<\/a><\/div>\n\n\n\n<div style=\"height:20px\" aria-hidden=\"true\" class=\"wp-block-spacer\"><\/div>\n\n\n\n<div class=\"wp-block-file\"><a href=\"http:\/\/hans-meierhofer.ch\/wp-content\/uploads\/2020\/12\/5a-FA.pdf\" target=\"_blank\" rel=\"noreferrer noopener\">5a FA<\/a><a href=\"http:\/\/hans-meierhofer.ch\/wp-content\/uploads\/2020\/12\/5a-FA.pdf\" class=\"wp-block-file__button\" download>Herunterladen<\/a><\/div>\n\n\n\n<div class=\"wp-block-file\"><a href=\"http:\/\/hans-meierhofer.ch\/wp-content\/uploads\/2020\/12\/5b-Guido-von-Arezzo-.pdf\" target=\"_blank\" rel=\"noreferrer noopener\">5b Guido von Arezzo<\/a><a href=\"http:\/\/hans-meierhofer.ch\/wp-content\/uploads\/2020\/12\/5b-Guido-von-Arezzo-.pdf\" class=\"wp-block-file__button\" download>Herunterladen<\/a><\/div>\n\n\n\n<div class=\"wp-block-file\"><a href=\"http:\/\/hans-meierhofer.ch\/wp-content\/uploads\/2020\/12\/5c-Pythagoras-in-der-Schmiede-.pdf\" target=\"_blank\" rel=\"noreferrer noopener\">5c Pythagoras in der Schmiede<\/a><a href=\"http:\/\/hans-meierhofer.ch\/wp-content\/uploads\/2020\/12\/5c-Pythagoras-in-der-Schmiede-.pdf\" class=\"wp-block-file__button\" download>Herunterladen<\/a><\/div>\n\n\n\n<div class=\"wp-block-file\"><a href=\"http:\/\/hans-meierhofer.ch\/wp-content\/uploads\/2020\/12\/5d-Pan-und-Apollo.pdf\" target=\"_blank\" rel=\"noreferrer noopener\">5d Pan und Apollo<\/a><a href=\"http:\/\/hans-meierhofer.ch\/wp-content\/uploads\/2020\/12\/5d-Pan-und-Apollo.pdf\" class=\"wp-block-file__button\" download>Herunterladen<\/a><\/div>\n\n\n\n<div style=\"height:20px\" aria-hidden=\"true\" class=\"wp-block-spacer\"><\/div>\n\n\n\n<div class=\"wp-block-file\"><a href=\"http:\/\/hans-meierhofer.ch\/wp-content\/uploads\/2020\/12\/6a-Musikgeschichte-Europas-.pdf\" target=\"_blank\" rel=\"noreferrer noopener\">6a Musikgeschichte Europas<\/a><a href=\"http:\/\/hans-meierhofer.ch\/wp-content\/uploads\/2020\/12\/6a-Musikgeschichte-Europas-.pdf\" class=\"wp-block-file__button\" download>Herunterladen<\/a><\/div>\n\n\n\n<div class=\"wp-block-file\"><a href=\"http:\/\/hans-meierhofer.ch\/wp-content\/uploads\/2020\/12\/6b-Fortschritt-Beethoven.pdf\" target=\"_blank\" rel=\"noreferrer noopener\">6b Fortschritt? Beethoven<\/a><a href=\"http:\/\/hans-meierhofer.ch\/wp-content\/uploads\/2020\/12\/6b-Fortschritt-Beethoven.pdf\" class=\"wp-block-file__button\" download>Herunterladen<\/a><\/div>\n\n\n\n<div class=\"wp-block-file\"><a href=\"http:\/\/hans-meierhofer.ch\/wp-content\/uploads\/2020\/12\/6c-Asien-und-Europa-.pdf\" target=\"_blank\" rel=\"noreferrer noopener\">6c Asien und Europa<\/a><a href=\"http:\/\/hans-meierhofer.ch\/wp-content\/uploads\/2020\/12\/6c-Asien-und-Europa-.pdf\" class=\"wp-block-file__button\" download>Herunterladen<\/a><\/div>\n\n\n\n<div class=\"wp-block-file\"><a href=\"http:\/\/hans-meierhofer.ch\/wp-content\/uploads\/2020\/12\/6d-China-Moderne-Musik-.pdf\" target=\"_blank\" rel=\"noreferrer noopener\">6d China &#8211; Moderne Musik<\/a><a href=\"http:\/\/hans-meierhofer.ch\/wp-content\/uploads\/2020\/12\/6d-China-Moderne-Musik-.pdf\" class=\"wp-block-file__button\" download>Herunterladen<\/a><\/div>\n\n\n\n<div class=\"wp-block-file\"><a href=\"http:\/\/hans-meierhofer.ch\/wp-content\/uploads\/2020\/12\/6e-Moral-Rassismus.pdf\" target=\"_blank\" rel=\"noreferrer noopener\">6e Moral, Rassismus<\/a><a href=\"http:\/\/hans-meierhofer.ch\/wp-content\/uploads\/2020\/12\/6e-Moral-Rassismus.pdf\" class=\"wp-block-file__button\" download>Herunterladen<\/a><\/div>\n\n\n\n<div style=\"height:20px\" aria-hidden=\"true\" class=\"wp-block-spacer\"><\/div>\n\n\n\n<div class=\"wp-block-file\"><a href=\"http:\/\/hans-meierhofer.ch\/wp-content\/uploads\/2020\/12\/7a-Raum-.pdf\" target=\"_blank\" rel=\"noreferrer noopener\">7a Raum<\/a><a href=\"http:\/\/hans-meierhofer.ch\/wp-content\/uploads\/2020\/12\/7a-Raum-.pdf\" class=\"wp-block-file__button\" download>Herunterladen<\/a><\/div>\n\n\n\n<div class=\"wp-block-file\"><a href=\"http:\/\/hans-meierhofer.ch\/wp-content\/uploads\/2020\/12\/7b-\u201eNichts-.pdf\" target=\"_blank\" rel=\"noreferrer noopener\">7b \u201eNichts\u201c<\/a><a href=\"http:\/\/hans-meierhofer.ch\/wp-content\/uploads\/2020\/12\/7b-\u201eNichts-.pdf\" class=\"wp-block-file__button\" download>Herunterladen<\/a><\/div>\n\n\n\n<div class=\"wp-block-file\"><a href=\"http:\/\/hans-meierhofer.ch\/wp-content\/uploads\/2020\/12\/7c-Form-Geschichte-Sprache...-.pdf\" target=\"_blank\" rel=\"noreferrer noopener\">7c Form, Geschichte, Sprache\u2026<\/a><a href=\"http:\/\/hans-meierhofer.ch\/wp-content\/uploads\/2020\/12\/7c-Form-Geschichte-Sprache...-.pdf\" class=\"wp-block-file__button\" download>Herunterladen<\/a><\/div>\n\n\n\n<div class=\"wp-block-file\"><a href=\"http:\/\/hans-meierhofer.ch\/wp-content\/uploads\/2020\/12\/7d-Musik-und-Religion.pdf\" target=\"_blank\" rel=\"noreferrer noopener\">7d Musik und Religion<\/a><a href=\"http:\/\/hans-meierhofer.ch\/wp-content\/uploads\/2020\/12\/7d-Musik-und-Religion.pdf\" class=\"wp-block-file__button\" download>Herunterladen<\/a><\/div>\n\n\n\n<div style=\"height:20px\" aria-hidden=\"true\" class=\"wp-block-spacer\"><\/div>\n\n\n\n<div class=\"wp-block-file\"><a href=\"http:\/\/hans-meierhofer.ch\/wp-content\/uploads\/2020\/12\/8aQuantitaetQualitaet-neu.pdf\" target=\"_blank\" rel=\"noreferrer noopener\">8a Quantit\u00e4t \/ Qualit\u00e4t<\/a><a href=\"http:\/\/hans-meierhofer.ch\/wp-content\/uploads\/2020\/12\/8aQuantitaetQualitaet-neu.pdf\" class=\"wp-block-file__button\" download>Herunterladen<\/a><\/div>\n\n\n\n<div class=\"wp-block-file\"><a href=\"http:\/\/hans-meierhofer.ch\/wp-content\/uploads\/2020\/12\/8b-Kunst-und-Naturgesetze.pdf\" target=\"_blank\" rel=\"noreferrer noopener\">8b Kunst und Naturgesetze<\/a><a href=\"http:\/\/hans-meierhofer.ch\/wp-content\/uploads\/2020\/12\/8b-Kunst-und-Naturgesetze.pdf\" class=\"wp-block-file__button\" download>Herunterladen<\/a><\/div>\n\n\n\n<hr class=\"wp-block-separator\"\/>\n","protected":false},"excerpt":{"rendered":"<p>Musiktheorie Lehrg\u00e4nge Spezielle Themen 2 Analysen (ETH Musterl\u00f6sungen) 2 vorbildliche Sch\u00fclerarbeiten (Giulia Mazzotti) Programmnotiz MUSIK: Ein Naturgesetz? Beethoven\/Brahms<\/p>\n","protected":false},"author":1,"featured_media":0,"parent":381,"menu_order":0,"comment_status":"closed","ping_status":"closed","template":"template-fullwidth.php","meta":{"jetpack_post_was_ever_published":false,"footnotes":""},"class_list":["post-764","page","type-page","status-publish","hentry"],"jetpack_sharing_enabled":true,"jetpack_shortlink":"https:\/\/wp.me\/P7enWR-ck","jetpack-related-posts":[],"_links":{"self":[{"href":"https:\/\/hans-meierhofer.ch\/index.php?rest_route=\/wp\/v2\/pages\/764","targetHints":{"allow":["GET"]}}],"collection":[{"href":"https:\/\/hans-meierhofer.ch\/index.php?rest_route=\/wp\/v2\/pages"}],"about":[{"href":"https:\/\/hans-meierhofer.ch\/index.php?rest_route=\/wp\/v2\/types\/page"}],"author":[{"embeddable":true,"href":"https:\/\/hans-meierhofer.ch\/index.php?rest_route=\/wp\/v2\/users\/1"}],"replies":[{"embeddable":true,"href":"https:\/\/hans-meierhofer.ch\/index.php?rest_route=%2Fwp%2Fv2%2Fcomments&post=764"}],"version-history":[{"count":9,"href":"https:\/\/hans-meierhofer.ch\/index.php?rest_route=\/wp\/v2\/pages\/764\/revisions"}],"predecessor-version":[{"id":1330,"href":"https:\/\/hans-meierhofer.ch\/index.php?rest_route=\/wp\/v2\/pages\/764\/revisions\/1330"}],"up":[{"embeddable":true,"href":"https:\/\/hans-meierhofer.ch\/index.php?rest_route=\/wp\/v2\/pages\/381"}],"wp:attachment":[{"href":"https:\/\/hans-meierhofer.ch\/index.php?rest_route=%2Fwp%2Fv2%2Fmedia&parent=764"}],"curies":[{"name":"wp","href":"https:\/\/api.w.org\/{rel}","templated":true}]}}